{"id":239,"date":"2024-07-29T01:00:28","date_gmt":"2024-07-28T23:00:28","guid":{"rendered":"https:\/\/kontaktusvendeghaz.hu\/index.php\/my-account\/"},"modified":"2024-07-29T01:00:28","modified_gmt":"2024-07-28T23:00:28","slug":"my-account","status":"publish","type":"page","link":"https:\/\/kontiklubvendeghaz.hu\/index.php\/my-account\/","title":{"rendered":"My Account"},"content":{"rendered":"\t\t<div class=\"mphb_sc_account\">\n\t\t\t\t\t\t<div class=\"mphb-account-content\">\n\t\t\t\t\t\t\t\t\t\t\t\t\t\t\t<div class=\"mphb-login-form\">\n\t\t\t\t<form name=\"loginform\" id=\"loginform\" action=\"https:\/\/kontiklubvendeghaz.hu\/wp-login.php\" method=\"post\"><p class=\"login-username\">\n\t\t\t\t<label for=\"user_login\">Felhaszn\u00e1l\u00f3n\u00e9v, vagy e-mail c\u00edm<\/label>\n\t\t\t\t<input type=\"text\" name=\"log\" id=\"user_login\" autocomplete=\"username\" class=\"input\" value=\"\" size=\"20\" \/>\n\t\t\t<\/p><p class=\"login-password\">\n\t\t\t\t<label for=\"user_pass\">Jelsz\u00f3<\/label>\n\t\t\t\t<input type=\"password\" name=\"pwd\" id=\"user_pass\" autocomplete=\"current-password\" spellcheck=\"false\" class=\"input\" value=\"\" size=\"20\" \/>\n\t\t\t<\/p><p class=\"login-remember\"><label><input name=\"rememberme\" type=\"checkbox\" id=\"rememberme\" value=\"forever\" \/> Eml\u00e9kezzen r\u00e1m<\/label><\/p><p class=\"login-submit\">\n\t\t\t\t<input type=\"submit\" name=\"wp-submit\" id=\"wp-submit\" class=\"button button-primary\" value=\"Bejelentkez\u00e9s\" \/>\n\t\t\t\t<input type=\"hidden\" name=\"redirect_to\" value=\"https:\/\/kontiklubvendeghaz.hu\/index.php\/wp-json\/wp\/v2\/pages\/239\" \/>\n\t\t\t<\/p><\/form>\t\t\t\t<a href=\"https:\/\/kontiklubvendeghaz.hu\/wp-login.php?action=lostpassword&#038;redirect_to=https%3A%2F%2Fkontiklubvendeghaz.hu%2Findex.php%2Fmy-account%2F\">Elfelejtett jelsz\u00f3?<\/a>\n\t\t\t<\/div>\n\t\t\t\t\t\t\t\t\t\t<\/div>\n\t\t<\/div>\n\t\t\n","protected":false},"excerpt":{"rendered":"","protected":false},"author":1,"featured_media":0,"parent":0,"menu_order":0,"comment_status":"closed","ping_status":"closed","template":"","meta":{"footnotes":""},"class_list":["post-239","page","type-page","status-publish","hentry"],"_links":{"self":[{"href":"https:\/\/kontiklubvendeghaz.hu\/index.php\/wp-json\/wp\/v2\/pages\/239","targetHints":{"allow":["GET"]}}],"collection":[{"href":"https:\/\/kontiklubvendeghaz.hu\/index.php\/wp-json\/wp\/v2\/pages"}],"about":[{"href":"https:\/\/kontiklubvendeghaz.hu\/index.php\/wp-json\/wp\/v2\/types\/page"}],"author":[{"embeddable":true,"href":"https:\/\/kontiklubvendeghaz.hu\/index.php\/wp-json\/wp\/v2\/users\/1"}],"replies":[{"embeddable":true,"href":"https:\/\/kontiklubvendeghaz.hu\/index.php\/wp-json\/wp\/v2\/comments?post=239"}],"version-history":[{"count":0,"href":"https:\/\/kontiklubvendeghaz.hu\/index.php\/wp-json\/wp\/v2\/pages\/239\/revisions"}],"wp:attachment":[{"href":"https:\/\/kontiklubvendeghaz.hu\/index.php\/wp-json\/wp\/v2\/media?parent=239"}],"curies":[{"name":"wp","href":"https:\/\/api.w.org\/{rel}","templated":true}]}}