{"id":235,"date":"2024-07-29T01:00:28","date_gmt":"2024-07-28T23:00:28","guid":{"rendered":"https:\/\/kontaktusvendeghaz.hu\/index.php\/foglalas-megerositese\/a-foglalast-megerositettuk\/"},"modified":"2024-07-29T01:00:28","modified_gmt":"2024-07-28T23:00:28","slug":"a-foglalast-megerositettuk","status":"publish","type":"page","link":"https:\/\/kontiklubvendeghaz.hu\/index.php\/foglalas-megerositese\/a-foglalast-megerositettuk\/","title":{"rendered":"A foglal\u00e1st meger\u0151s\u00edtett\u00fck"},"content":{"rendered":"<div class=\"mphb_sc_booking_confirmation\"><\/div>\n","protected":false},"excerpt":{"rendered":"","protected":false},"author":1,"featured_media":0,"parent":234,"menu_order":0,"comment_status":"closed","ping_status":"closed","template":"","meta":{"footnotes":""},"class_list":["post-235","page","type-page","status-publish","hentry"],"_links":{"self":[{"href":"https:\/\/kontiklubvendeghaz.hu\/index.php\/wp-json\/wp\/v2\/pages\/235","targetHints":{"allow":["GET"]}}],"collection":[{"href":"https:\/\/kontiklubvendeghaz.hu\/index.php\/wp-json\/wp\/v2\/pages"}],"about":[{"href":"https:\/\/kontiklubvendeghaz.hu\/index.php\/wp-json\/wp\/v2\/types\/page"}],"author":[{"embeddable":true,"href":"https:\/\/kontiklubvendeghaz.hu\/index.php\/wp-json\/wp\/v2\/users\/1"}],"replies":[{"embeddable":true,"href":"https:\/\/kontiklubvendeghaz.hu\/index.php\/wp-json\/wp\/v2\/comments?post=235"}],"version-history":[{"count":0,"href":"https:\/\/kontiklubvendeghaz.hu\/index.php\/wp-json\/wp\/v2\/pages\/235\/revisions"}],"up":[{"embeddable":true,"href":"https:\/\/kontiklubvendeghaz.hu\/index.php\/wp-json\/wp\/v2\/pages\/234"}],"wp:attachment":[{"href":"https:\/\/kontiklubvendeghaz.hu\/index.php\/wp-json\/wp\/v2\/media?parent=235"}],"curies":[{"name":"wp","href":"https:\/\/api.w.org\/{rel}","templated":true}]}}